{"id":77,"date":"2025-05-20T11:28:09","date_gmt":"2025-05-20T09:28:09","guid":{"rendered":"http:\/\/cuplife.pl\/?page_id=77"},"modified":"2025-06-12T21:52:41","modified_gmt":"2025-06-12T19:52:41","slug":"polityka-zwrotow","status":"publish","type":"page","link":"https:\/\/lunvero.eu\/index.php\/polityka-zwrotow\/","title":{"rendered":"Polityka zwrot\u00f3w"},"content":{"rendered":"\t\t<div data-elementor-type=\"wp-page\" data-elementor-id=\"77\" class=\"elementor elementor-77\">\n\t\t\t\t<div class=\"elementor-element elementor-element-98818ad e-flex e-con-boxed e-con e-parent\" data-id=\"98818ad\" data-element_type=\"container\">\n\t\t\t\t\t<div class=\"e-con-inner\">\n\t\t\t\t<div class=\"elementor-element elementor-element-3c85f44 elementor-widget elementor-widget-text-editor\" data-id=\"3c85f44\" data-element_type=\"widget\" data-widget_type=\"text-editor.default\">\n\t\t\t\t<div class=\"elementor-widget-container\">\n\t\t\t\t\t\t\t\t\t<h2 data-start=\"187\" data-end=\"223\">Polityka zwrot\u00f3w \u2013 www.lunvero.eu<\/h2>\n<h3 data-start=\"225\" data-end=\"260\">1. Prawo odst\u0105pienia od umowy<\/h3>\n<p data-start=\"261\" data-end=\"561\">Klient b\u0119d\u0105cy Konsumentem, a tak\u017ce osoba fizyczna zawieraj\u0105ca umow\u0119 bez bezpo\u015bredniego zwi\u0105zku z dzia\u0142alno\u015bci\u0105 gospodarcz\u0105 (zgodnie z art. 38a ustawy o prawach konsumenta), ma prawo odst\u0105pi\u0107 od umowy sprzeda\u017cy zawartej na odleg\u0142o\u015b\u0107, bez podania przyczyny, w terminie 14 dni od dnia otrzymania towaru.<\/p>\n<p data-start=\"563\" data-end=\"720\">W przypadku zam\u00f3wie\u0144 obejmuj\u0105cych wiele produkt\u00f3w dostarczanych osobno, partiami lub w cz\u0119\u015bciach, termin ten biegnie od dnia otrzymania ostatniego z towar\u00f3w.<\/p>\n<hr data-start=\"722\" data-end=\"725\">\n<h3 data-start=\"727\" data-end=\"778\">2. Spos\u00f3b skorzystania z prawa do odst\u0105pienia<\/h3>\n<p data-start=\"779\" data-end=\"942\">Aby skorzysta\u0107 z prawa odst\u0105pienia od umowy, Klient powinien z\u0142o\u017cy\u0107 jednoznaczne o\u015bwiadczenie o odst\u0105pieniu, przesy\u0142aj\u0105c je na adres e-mail: <font color=\"#333333\"><b>contact@lunvero.eu<\/b><\/font><\/p>\n<p data-start=\"944\" data-end=\"1084\">Dla wygody Klienta mo\u017cliwe jest skorzystanie z formularza odst\u0105pienia dost\u0119pnego w stopce strony lub wysy\u0142anego mailowo po dokonaniu zakupu.<\/p>\n<p data-start=\"1086\" data-end=\"1224\">Po z\u0142o\u017ceniu o\u015bwiadczenia, Klient zobowi\u0105zany jest odes\u0142a\u0107 towar nie p\u00f3\u017aniej ni\u017c 14 dni od momentu poinformowania Sprzedawcy o odst\u0105pieniu.<\/p>\n<p data-start=\"1226\" data-end=\"1357\"><strong data-start=\"1226\" data-end=\"1273\">Adres do zwrotu zostanie przekazany mailowo<\/strong>, w zale\u017cno\u015bci od rodzaju i \u017ar\u00f3d\u0142a zam\u00f3wienia (magazyn dostawcy lub punkt po\u015bredni).<\/p>\n<hr data-start=\"1359\" data-end=\"1362\">\n<h3 data-start=\"1364\" data-end=\"1386\">3. Koszty zwrotu<\/h3>\n<p data-start=\"1387\" data-end=\"1473\">Koszt odes\u0142ania towaru ponosi Klient. Sprzedawca nie przyjmuje przesy\u0142ek za pobraniem.<\/p>\n<p data-start=\"1475\" data-end=\"1715\">W przypadku skutecznego odst\u0105pienia od umowy, Sprzedawca zwraca Klientowi wszystkie dokonane przez niego p\u0142atno\u015bci, w tym koszty dostawy (z wyj\u0105tkiem dodatkowych koszt\u00f3w wynikaj\u0105cych z wyboru dro\u017cszej ni\u017c najta\u0144sza oferowana formy dostawy).<\/p>\n<p data-start=\"1717\" data-end=\"1852\"><strong data-start=\"1717\" data-end=\"1754\">Zwrot \u015brodk\u00f3w nast\u0119puje do 14 dni<\/strong> od dnia otrzymania towaru lub dowodu jego odes\u0142ania \u2013 w zale\u017cno\u015bci od tego, co nast\u0105pi wcze\u015bniej.<\/p>\n<p data-start=\"1854\" data-end=\"1982\">P\u0142atno\u015b\u0107 zostanie zwr\u00f3cona w taki sam spos\u00f3b, w jaki zosta\u0142a dokonana, chyba \u017ce Klient wyra\u017anie zgodzi si\u0119 na inn\u0105 form\u0119 zwrotu.<\/p>\n<hr data-start=\"1984\" data-end=\"1987\">\n<h3 data-start=\"1989\" data-end=\"2044\">4. Obowi\u0105zek nale\u017cytego obchodzenia si\u0119 z towarem<\/h3>\n<p data-start=\"2045\" data-end=\"2233\">Klient ponosi odpowiedzialno\u015b\u0107 za zmniejszenie warto\u015bci towaru wynikaj\u0105ce z korzystania z niego w spos\u00f3b wykraczaj\u0105cy poza konieczny do stwierdzenia jego charakteru, cech i funkcjonowania.<\/p>\n<p data-start=\"2235\" data-end=\"2369\">W przypadku uszkodze\u0144, znacznego zu\u017cycia lub brak\u00f3w, Sprzedawca mo\u017ce <strong data-start=\"2304\" data-end=\"2332\">pomniejszy\u0107 kwot\u0119 zwrotu<\/strong> o warto\u015b\u0107 utraconej funkcjonalno\u015bci.<\/p>\n<hr data-start=\"2371\" data-end=\"2374\">\n<h3 data-start=\"2376\" data-end=\"2407\">5. Brak prawa odst\u0105pienia<\/h3>\n<p data-start=\"2408\" data-end=\"2522\">Zgodnie z art. 38 ustawy o prawach konsumenta, prawo do odst\u0105pienia od umowy <strong data-start=\"2485\" data-end=\"2504\">nie przys\u0142uguje<\/strong> w odniesieniu do:<\/p>\n<ul data-start=\"2524\" data-end=\"2831\">\n<li data-start=\"2524\" data-end=\"2606\">\n<p data-start=\"2526\" data-end=\"2606\">towar\u00f3w wykonanych na indywidualne zam\u00f3wienie lub wed\u0142ug specyfikacji Klienta,<\/p>\n<\/li>\n<li data-start=\"2607\" data-end=\"2743\">\n<p data-start=\"2609\" data-end=\"2743\">produkt\u00f3w, kt\u00f3rych nie mo\u017cna zwr\u00f3ci\u0107 po otwarciu ze wzgl\u0119d\u00f3w higienicznych (np. kubki z nadrukiem na specjalne \u017cyczenie, kosmetyki),<\/p>\n<\/li>\n<li data-start=\"2744\" data-end=\"2831\">\n<p data-start=\"2746\" data-end=\"2831\">towar\u00f3w, kt\u00f3re po dostarczeniu zosta\u0142y nieroz\u0142\u0105cznie po\u0142\u0105czone z innymi przedmiotami.<\/p>\n<\/li>\n<\/ul>\t\t\t\t\t\t\t\t<\/div>\n\t\t\t\t<\/div>\n\t\t\t\t\t<\/div>\n\t\t\t\t<\/div>\n\t\t\t\t<\/div>\n\t\t","protected":false},"excerpt":{"rendered":"<p>Polityka zwrot\u00f3w \u2013 www.lunvero.eu 1. Prawo odst\u0105pienia od umowy Klient b\u0119d\u0105cy Konsumentem, a tak\u017ce osoba fizyczna zawieraj\u0105ca umow\u0119 bez bezpo\u015bredniego zwi\u0105zku z dzia\u0142alno\u015bci\u0105 gospodarcz\u0105 (zgodnie z art. 38a ustawy o prawach konsumenta), ma prawo odst\u0105pi\u0107 od umowy sprzeda\u017cy zawartej na odleg\u0142o\u015b\u0107, bez podania przyczyny, w terminie 14 dni od dnia otrzymania towaru. W przypadku zam\u00f3wie\u0144 [&hellip;]<\/p>\n","protected":false},"author":1,"featured_media":0,"parent":0,"menu_order":0,"comment_status":"closed","ping_status":"closed","template":"","meta":{"ocean_post_layout":"","ocean_both_sidebars_style":"","ocean_both_sidebars_content_width":0,"ocean_both_sidebars_sidebars_width":0,"ocean_sidebar":"","ocean_second_sidebar":"","ocean_disable_margins":"enable","ocean_add_body_class":"","ocean_shortcode_before_top_bar":"","ocean_shortcode_after_top_bar":"","ocean_shortcode_before_header":"","ocean_shortcode_after_header":"","ocean_has_shortcode":"","ocean_shortcode_after_title":"","ocean_shortcode_before_footer_widgets":"","ocean_shortcode_after_footer_widgets":"","ocean_shortcode_before_footer_bottom":"","ocean_shortcode_after_footer_bottom":"","ocean_display_top_bar":"default","ocean_display_header":"default","ocean_header_style":"","ocean_center_header_left_menu":"","ocean_custom_header_template":"","ocean_custom_logo":0,"ocean_custom_retina_logo":0,"ocean_custom_logo_max_width":0,"ocean_custom_logo_tablet_max_width":0,"ocean_custom_logo_mobile_max_width":0,"ocean_custom_logo_max_height":0,"ocean_custom_logo_tablet_max_height":0,"ocean_custom_logo_mobile_max_height":0,"ocean_header_custom_menu":"","ocean_menu_typo_font_family":"","ocean_menu_typo_font_subset":"","ocean_menu_typo_font_size":0,"ocean_menu_typo_font_size_tablet":0,"ocean_menu_typo_font_size_mobile":0,"ocean_menu_typo_font_size_unit":"px","ocean_menu_typo_font_weight":"","ocean_menu_typo_font_weight_tablet":"","ocean_menu_typo_font_weight_mobile":"","ocean_menu_typo_transform":"","ocean_menu_typo_transform_tablet":"","ocean_menu_typo_transform_mobile":"","ocean_menu_typo_line_height":0,"ocean_menu_typo_line_height_tablet":0,"ocean_menu_typo_line_height_mobile":0,"ocean_menu_typo_line_height_unit":"","ocean_menu_typo_spacing":0,"ocean_menu_typo_spacing_tablet":0,"ocean_menu_typo_spacing_mobile":0,"ocean_menu_typo_spacing_unit":"","ocean_menu_link_color":"","ocean_menu_link_color_hover":"","ocean_menu_link_color_active":"","ocean_menu_link_background":"","ocean_menu_link_hover_background":"","ocean_menu_link_active_background":"","ocean_menu_social_links_bg":"","ocean_menu_social_hover_links_bg":"","ocean_menu_social_links_color":"","ocean_menu_social_hover_links_color":"","ocean_disable_title":"on","ocean_disable_heading":"default","ocean_post_title":"","ocean_post_subheading":"","ocean_post_title_style":"","ocean_post_title_background_color":"","ocean_post_title_background":0,"ocean_post_title_bg_image_position":"","ocean_post_title_bg_image_attachment":"","ocean_post_title_bg_image_repeat":"","ocean_post_title_bg_image_size":"","ocean_post_title_height":0,"ocean_post_title_bg_overlay":0.5,"ocean_post_title_bg_overlay_color":"","ocean_disable_breadcrumbs":"default","ocean_breadcrumbs_color":"","ocean_breadcrumbs_separator_color":"","ocean_breadcrumbs_links_color":"","ocean_breadcrumbs_links_hover_color":"","ocean_display_footer_widgets":"default","ocean_display_footer_bottom":"default","ocean_custom_footer_template":"","footnotes":""},"class_list":["post-77","page","type-page","status-publish","hentry","entry","owp-thumbs-layout-horizontal","owp-btn-normal","owp-tabs-layout-horizontal","has-no-thumbnails","has-product-nav"],"jetpack_sharing_enabled":true,"_links":{"self":[{"href":"https:\/\/lunvero.eu\/index.php\/wp-json\/wp\/v2\/pages\/77","targetHints":{"allow":["GET"]}}],"collection":[{"href":"https:\/\/lunvero.eu\/index.php\/wp-json\/wp\/v2\/pages"}],"about":[{"href":"https:\/\/lunvero.eu\/index.php\/wp-json\/wp\/v2\/types\/page"}],"author":[{"embeddable":true,"href":"https:\/\/lunvero.eu\/index.php\/wp-json\/wp\/v2\/users\/1"}],"replies":[{"embeddable":true,"href":"https:\/\/lunvero.eu\/index.php\/wp-json\/wp\/v2\/comments?post=77"}],"version-history":[{"count":7,"href":"https:\/\/lunvero.eu\/index.php\/wp-json\/wp\/v2\/pages\/77\/revisions"}],"predecessor-version":[{"id":678,"href":"https:\/\/lunvero.eu\/index.php\/wp-json\/wp\/v2\/pages\/77\/revisions\/678"}],"wp:attachment":[{"href":"https:\/\/lunvero.eu\/index.php\/wp-json\/wp\/v2\/media?parent=77"}],"curies":[{"name":"wp","href":"https:\/\/api.w.org\/{rel}","templated":true}]}}