{"id":700,"date":"2025-09-29T22:27:22","date_gmt":"2025-09-29T20:27:22","guid":{"rendered":"https:\/\/lunvero.eu\/?post_type=product&#038;p=700"},"modified":"2025-09-29T22:31:43","modified_gmt":"2025-09-29T20:31:43","slug":"biokominek-wolnostojacy-kwadrat","status":"publish","type":"product","link":"https:\/\/lunvero.eu\/index.php\/produkt\/biokominek-wolnostojacy-kwadrat\/","title":{"rendered":"Biokominek wolnostoj\u0105cy kwadrat"},"content":{"rendered":"<div class=\"_tableContainer_1rjym_1\">\n<div class=\"_tableWrapper_1rjym_13 group flex w-fit flex-col-reverse\" tabindex=\"-1\">Kwadratowy, wolnostoj\u0105cy biokominek\u00a0<strong data-start=\"36\" data-end=\"50\">Lunvero<\/strong>\u00a0(Qlima FFB\u202f022) to idealne po\u0142\u0105czenie elegancji i funkcjonalno\u015bci. Zaprojektowany z my\u015bl\u0105 o prostym, bezdymnym i czystym u\u017cytkowaniu \u2014 bez komina, bez popio\u0142u, za to z pe\u0142ni\u0105 atmosfery ognia. Doskonale sprawdza si\u0119 zar\u00f3wno we wn\u0119trzach, jak i w ogrodach czy na tarasach. Dzi\u0119ki solidnej konstrukcji i zabezpieczeniom, ogie\u0144 buduje klimat, nie tworz\u0105c zagro\u017ce\u0144.<\/div>\n<\/div>\n<div tabindex=\"-1\"><\/div>\n<div tabindex=\"-1\">\n<ul>\n<li data-start=\"246\" data-end=\"327\">\n<p data-start=\"248\" data-end=\"327\"><span class=\"relative -mx-px my-[-0.2rem] rounded px-px py-[0.2rem] transition-colors duration-100 ease-in-out\"><strong data-start=\"0\" data-end=\"22\" data-is-only-node=\"\">Czysto\u015b\u0107 i komfort<\/strong>\u00a0\u2013 spalanie bioetanolu bez dymu, zapachu, iskier i popio\u0142u.<\/span><span class=\"\" data-state=\"closed\"><span class=\"ms-1 inline-flex max-w-full items-center relative top-[-0.094rem] animate-[show_150ms_ease-in]\" data-testid=\"webpage-citation-pill\"><br \/>\n<\/span><\/span><\/p>\n<\/li>\n<li data-start=\"328\" data-end=\"409\">\n<p data-start=\"330\" data-end=\"409\"><span class=\"relative -mx-px my-[-0.2rem] rounded px-px py-[0.2rem] transition-colors duration-100 ease-in-out\"><strong data-start=\"0\" data-end=\"18\" data-is-only-node=\"\">Bezpiecze\u0144stwo<\/strong>\u00a0\u2013 podw\u00f3jny palnik, os\u0142ona ze szk\u0142a hartowanego odpornego do 300\u202f\u00b0C, system przeciw rozlewom paliwa.<\/span><span class=\"\" data-state=\"closed\"><span class=\"ms-1 inline-flex max-w-full items-center relative top-[-0.094rem] animate-[show_150ms_ease-in]\" data-testid=\"webpage-citation-pill\"><br \/>\n<\/span><\/span><\/p>\n<\/li>\n<li data-start=\"410\" data-end=\"491\">\n<p data-start=\"412\" data-end=\"491\"><span class=\"relative -mx-px my-[-0.2rem] rounded px-px py-[0.2rem] transition-colors duration-100 ease-in-out\"><strong data-start=\"0\" data-end=\"22\" data-is-only-node=\"\">D\u0142ugi czas palenia<\/strong>\u00a0\u2013 starcza na oko\u0142o 120 minut nastrojowego ognia przy zawarto\u015bci paliwa w zbiorniku 150\u202fml.<\/span><span class=\"\" data-state=\"closed\"><span class=\"ms-1 inline-flex max-w-full items-center relative top-[-0.094rem] animate-[show_150ms_ease-in]\" data-testid=\"webpage-citation-pill\"><br \/>\n<\/span><\/span><\/p>\n<\/li>\n<li data-start=\"492\" data-end=\"575\">\n<p data-start=\"494\" data-end=\"575\"><span class=\"relative -mx-px my-[-0.2rem] rounded px-px py-[0.2rem] transition-colors duration-100 ease-in-out\"><strong data-start=\"0\" data-end=\"17\" data-is-only-node=\"\">\u0141atwa obs\u0142uga<\/strong>\u00a0\u2013 szybkie nape\u0142nienie i \u0142atwe zapalenie (np. zapalniczk\u0105), bez skomplikowanych instalacji.<\/span><\/p>\n<\/li>\n<li data-start=\"576\" data-end=\"661\">\n<p data-start=\"578\" data-end=\"661\"><span class=\"relative -mx-px my-[-0.2rem] rounded px-px py-[0.2rem] transition-colors duration-100 ease-in-out\"><strong data-start=\"0\" data-end=\"21\" data-is-only-node=\"\">Kompaktowy design<\/strong>\u00a0\u2013 estetyczna forma, stylowa i mobilna.<\/span><\/p>\n<\/li>\n<\/ul>\n<\/div>\n<p>&nbsp;<\/p>\n<h3 data-start=\"668\" data-end=\"696\">Specyfikacja techniczna<\/h3>\n<div class=\"_tableContainer_1rjym_1\">\n<div class=\"_tableWrapper_1rjym_13 group flex w-fit flex-col-reverse\" tabindex=\"-1\">\n<table class=\"w-fit min-w-(--thread-content-width)\" data-start=\"698\" data-end=\"1825\">\n<thead data-start=\"698\" data-end=\"770\">\n<tr data-start=\"698\" data-end=\"770\">\n<th data-start=\"698\" data-end=\"728\" data-col-size=\"sm\">Parametr<\/th>\n<th data-start=\"728\" data-end=\"770\" data-col-size=\"sm\">Warto\u015b\u0107<\/th>\n<\/tr>\n<\/thead>\n<tbody data-start=\"844\" data-end=\"1825\">\n<tr data-start=\"844\" data-end=\"929\">\n<td data-start=\"844\" data-end=\"874\" data-col-size=\"sm\">Model<\/td>\n<td data-start=\"874\" data-end=\"929\" data-col-size=\"sm\"><span class=\"relative -mx-px my-[-0.2rem] rounded px-px py-[0.2rem] transition-colors duration-100 ease-in-out\">Lunvero (Qlima FFB\u202f022)<\/span><\/td>\n<\/tr>\n<tr data-start=\"930\" data-end=\"1039\">\n<td data-start=\"930\" data-end=\"972\" data-col-size=\"sm\">Wymiary<\/td>\n<td data-col-size=\"sm\" data-start=\"972\" data-end=\"1039\">24,5 x 20,5 x 29 cm<\/td>\n<\/tr>\n<tr data-start=\"1040\" data-end=\"1112\">\n<td data-start=\"1040\" data-end=\"1070\" data-col-size=\"sm\">Kolor<\/td>\n<td data-start=\"1070\" data-end=\"1112\" data-col-size=\"sm\">Czarny<\/td>\n<\/tr>\n<tr data-start=\"1113\" data-end=\"1192\">\n<td data-start=\"1113\" data-end=\"1143\" data-col-size=\"sm\">Materia\u0142<\/td>\n<td data-start=\"1143\" data-end=\"1192\" data-col-size=\"sm\"><span class=\"relative -mx-px my-[-0.2rem] rounded px-px py-[0.2rem] transition-colors duration-100 ease-in-out\">Stal nierdzewna + szk\u0142o hartowane<\/span><\/td>\n<\/tr>\n<tr data-start=\"1193\" data-end=\"1266\">\n<td data-start=\"1193\" data-end=\"1223\" data-col-size=\"sm\">Pojemno\u015b\u0107 zbiornika<\/td>\n<td data-start=\"1223\" data-end=\"1266\" data-col-size=\"sm\">150 ml<\/td>\n<\/tr>\n<tr data-start=\"1267\" data-end=\"1366\">\n<td data-start=\"1267\" data-end=\"1297\" data-col-size=\"sm\">Czas palenia<\/td>\n<td data-start=\"1297\" data-end=\"1366\" data-col-size=\"sm\"><span class=\"relative -mx-px my-[-0.2rem] rounded px-px py-[0.2rem] transition-colors duration-100 ease-in-out\">Ok. 120 minut<\/span><\/td>\n<\/tr>\n<tr data-start=\"1367\" data-end=\"1470\">\n<td data-start=\"1367\" data-end=\"1397\" data-col-size=\"sm\">Moc<\/td>\n<td data-start=\"1397\" data-end=\"1470\" data-col-size=\"sm\"><span class=\"relative -mx-px my-[-0.2rem] rounded px-px py-[0.2rem] transition-colors duration-100 ease-in-out\">Ok. 920\u202fW<\/span><\/td>\n<\/tr>\n<tr data-start=\"1471\" data-end=\"1544\">\n<td data-start=\"1471\" data-end=\"1501\" data-col-size=\"sm\">Systemy bezpiecze\u0144stwa<\/td>\n<td data-start=\"1501\" data-end=\"1544\" data-col-size=\"sm\"><span class=\"relative -mx-px my-[-0.2rem] rounded px-px py-[0.2rem] transition-colors duration-100 ease-in-out\">Podw\u00f3jny palnik, os\u0142ona, system anti\u2011spill<\/span><\/td>\n<\/tr>\n<tr data-start=\"1545\" data-end=\"1623\">\n<td data-start=\"1545\" data-end=\"1574\" data-col-size=\"sm\">Zabezpieczenia<\/td>\n<td data-start=\"1574\" data-end=\"1623\" data-col-size=\"sm\"><span class=\"relative -mx-px my-[-0.2rem] rounded px-px py-[0.2rem] transition-colors duration-100 ease-in-out\">Szk\u0142o do 300\u202f\u00b0C, absorber paliwa<\/span><\/td>\n<\/tr>\n<tr data-start=\"1624\" data-end=\"1696\">\n<td data-start=\"1624\" data-end=\"1654\" data-col-size=\"sm\">spos\u00f3b zap\u0142onu<\/td>\n<td data-start=\"1654\" data-end=\"1696\" data-col-size=\"sm\">Zapalniczka \/ r\u0119czne<\/td>\n<\/tr>\n<tr data-start=\"1697\" data-end=\"1785\">\n<td data-start=\"1697\" data-end=\"1727\" data-col-size=\"sm\">Grupa docelowa<\/td>\n<td data-start=\"1727\" data-end=\"1785\" data-col-size=\"sm\"><span class=\"relative -mx-px my-[-0.2rem] rounded px-px py-[0.2rem] transition-colors duration-100 ease-in-out\">Wn\u0119trza, tarasy, ogrody<\/span><\/td>\n<\/tr>\n<\/tbody>\n<\/table>\n<\/div>\n<\/div>\n<p>&nbsp;<\/p>\n<h2 data-start=\"2197\" data-end=\"2224\">Jak u\u017cywa\u0107 (w 3 krokach)<\/h2>\n<ol data-start=\"2225\" data-end=\"2464\">\n<li data-start=\"2225\" data-end=\"2281\">\n<p data-start=\"2228\" data-end=\"2281\">Ustaw na stabilnej, odpornej na ciep\u0142o powierzchni.<\/p>\n<\/li>\n<li data-start=\"2282\" data-end=\"2351\">\n<p data-start=\"2285\" data-end=\"2351\">Wlej rekomendowane\u00a0<strong data-start=\"2304\" data-end=\"2327\">bio-paliwo (etanol)<\/strong>\u00a0do palnika i zamknij.<\/p>\n<\/li>\n<li data-start=\"2352\" data-end=\"2464\">\n<p data-start=\"2355\" data-end=\"2464\">Podpal d\u0142ug\u0105 zapalniczk\u0105; zga\u015b przez odci\u0119cie dop\u0142ywu powietrza \u2013\u00a0<strong data-start=\"2421\" data-end=\"2463\">nie dolewaj paliwa do gor\u0105cego palnika<\/strong>.<\/p>\n<\/li>\n<\/ol>\n","protected":false},"excerpt":{"rendered":"<ul>\n<li data-start=\"1721\" data-end=\"1821\">\n<p data-start=\"1723\" data-end=\"1821\"><strong data-start=\"1723\" data-end=\"1740\">Czas palenia:<\/strong>\u00a0ok.\u00a0<strong>70\u00a0min<\/strong>\u00a0na jednym nape\u0142nieniu (250 ml)<\/p>\n<\/li>\n<li data-start=\"1822\" data-end=\"1904\">\n<p data-start=\"1824\" data-end=\"1904\"><strong data-start=\"1824\" data-end=\"1837\">Materia\u0142:<\/strong>\u00a0metal +\u00a0<strong data-start=\"1846\" data-end=\"1863\">stal nierdzewna + szk\u0142o<\/strong>.<\/p>\n<\/li>\n<\/ul>\n<ul>\n<li>Zam\u00f3w do 13:00, a wy\u015blemy jeszcze dzi\u015b!<\/li>\n<li>Dostawa do 48h<\/li>\n<\/ul>\n<hr \/>\n<p>Zosta\u0142o:\u00a017 szt. w magazynie<\/p>\n<p><em>128 os\u00f3b kupi\u0142o ten produkt<\/em><\/p>\n<p><img decoding=\"async\" class=\"wp-image-736 alignnone\" src=\"https:\/\/atlantino.pl\/wp-content\/uploads\/2025\/08\/1233-scaled.jpg\" alt=\"\" width=\"442\" height=\"40\" \/><\/p>\n<p><img decoding=\"async\" class=\"alignnone size-medium wp-image-185\" src=\"http:\/\/trendprime.pl\/wp-content\/uploads\/2025\/02\/insc-1-300x66.jpg\" alt=\"\" width=\"300\" height=\"66\" \/><\/p>\n","protected":false},"featured_media":705,"comment_status":"open","ping_status":"closed","template":"","meta":{"ocean_post_layout":"","ocean_both_sidebars_style":"","ocean_both_sidebars_content_width":0,"ocean_both_sidebars_sidebars_width":0,"ocean_sidebar":"0","ocean_second_sidebar":"0","ocean_disable_margins":"enable","ocean_add_body_class":"","ocean_shortcode_before_top_bar":"","ocean_shortcode_after_top_bar":"","ocean_shortcode_before_header":"","ocean_shortcode_after_header":"","ocean_has_shortcode":"","ocean_shortcode_after_title":"","ocean_shortcode_before_footer_widgets":"","ocean_shortcode_after_footer_widgets":"","ocean_shortcode_before_footer_bottom":"","ocean_shortcode_after_footer_bottom":"","ocean_display_top_bar":"default","ocean_display_header":"default","ocean_header_style":"","ocean_center_header_left_menu":"0","ocean_custom_header_template":"0","ocean_custom_logo":0,"ocean_custom_retina_logo":0,"ocean_custom_logo_max_width":0,"ocean_custom_logo_tablet_max_width":0,"ocean_custom_logo_mobile_max_width":0,"ocean_custom_logo_max_height":0,"ocean_custom_logo_tablet_max_height":0,"ocean_custom_logo_mobile_max_height":0,"ocean_header_custom_menu":"0","ocean_menu_typo_font_family":"0","ocean_menu_typo_font_subset":"","ocean_menu_typo_font_size":0,"ocean_menu_typo_font_size_tablet":0,"ocean_menu_typo_font_size_mobile":0,"ocean_menu_typo_font_size_unit":"px","ocean_menu_typo_font_weight":"","ocean_menu_typo_font_weight_tablet":"","ocean_menu_typo_font_weight_mobile":"","ocean_menu_typo_transform":"","ocean_menu_typo_transform_tablet":"","ocean_menu_typo_transform_mobile":"","ocean_menu_typo_line_height":0,"ocean_menu_typo_line_height_tablet":0,"ocean_menu_typo_line_height_mobile":0,"ocean_menu_typo_line_height_unit":"","ocean_menu_typo_spacing":0,"ocean_menu_typo_spacing_tablet":0,"ocean_menu_typo_spacing_mobile":0,"ocean_menu_typo_spacing_unit":"","ocean_menu_link_color":"","ocean_menu_link_color_hover":"","ocean_menu_link_color_active":"","ocean_menu_link_background":"","ocean_menu_link_hover_background":"","ocean_menu_link_active_background":"","ocean_menu_social_links_bg":"","ocean_menu_social_hover_links_bg":"","ocean_menu_social_links_color":"","ocean_menu_social_hover_links_color":"","ocean_disable_title":"default","ocean_disable_heading":"default","ocean_post_title":"","ocean_post_subheading":"","ocean_post_title_style":"","ocean_post_title_background_color":"","ocean_post_title_background":0,"ocean_post_title_bg_image_position":"","ocean_post_title_bg_image_attachment":"","ocean_post_title_bg_image_repeat":"","ocean_post_title_bg_image_size":"","ocean_post_title_height":0,"ocean_post_title_bg_overlay":0.5,"ocean_post_title_bg_overlay_color":"","ocean_disable_breadcrumbs":"default","ocean_breadcrumbs_color":"","ocean_breadcrumbs_separator_color":"","ocean_breadcrumbs_links_color":"","ocean_breadcrumbs_links_hover_color":"","ocean_display_footer_widgets":"default","ocean_display_footer_bottom":"default","ocean_custom_footer_template":"0"},"product_brand":[],"product_cat":[37],"product_tag":[],"class_list":{"0":"post-700","1":"product","2":"type-product","3":"status-publish","4":"has-post-thumbnail","6":"product_cat-biokominki","8":"entry","9":"has-media","11":"first","12":"instock","13":"sale","14":"shipping-taxable","15":"purchasable","16":"product-type-simple","17":"has-product-nav","18":"col","19":"span_1_of_3","20":"owp-content-center","21":"owp-thumbs-layout-horizontal","22":"owp-btn-normal","23":"owp-tabs-layout-horizontal"},"jetpack_sharing_enabled":true,"_links":{"self":[{"href":"https:\/\/lunvero.eu\/index.php\/wp-json\/wp\/v2\/product\/700","targetHints":{"allow":["GET"]}}],"collection":[{"href":"https:\/\/lunvero.eu\/index.php\/wp-json\/wp\/v2\/product"}],"about":[{"href":"https:\/\/lunvero.eu\/index.php\/wp-json\/wp\/v2\/types\/product"}],"replies":[{"embeddable":true,"href":"https:\/\/lunvero.eu\/index.php\/wp-json\/wp\/v2\/comments?post=700"}],"wp:featuredmedia":[{"embeddable":true,"href":"https:\/\/lunvero.eu\/index.php\/wp-json\/wp\/v2\/media\/705"}],"wp:attachment":[{"href":"https:\/\/lunvero.eu\/index.php\/wp-json\/wp\/v2\/media?parent=700"}],"wp:term":[{"taxonomy":"product_brand","embeddable":true,"href":"https:\/\/lunvero.eu\/index.php\/wp-json\/wp\/v2\/product_brand?post=700"},{"taxonomy":"product_cat","embeddable":true,"href":"https:\/\/lunvero.eu\/index.php\/wp-json\/wp\/v2\/product_cat?post=700"},{"taxonomy":"product_tag","embeddable":true,"href":"https:\/\/lunvero.eu\/index.php\/wp-json\/wp\/v2\/product_tag?post=700"}],"curies":[{"name":"wp","href":"https:\/\/api.w.org\/{rel}","templated":true}]}}